{"id":35,"date":"2021-03-29T22:24:14","date_gmt":"2021-03-29T22:24:14","guid":{"rendered":"https:\/\/medianews.rs\/?page_id=35"},"modified":"2021-03-29T23:01:19","modified_gmt":"2021-03-29T23:01:19","slug":"rolunk","status":"publish","type":"page","link":"https:\/\/medianews.rs\/index.php\/rolunk\/","title":{"rendered":"R\u00d3LUNK"},"content":{"rendered":"<p>[vc_row][vc_column][vc_column_text]\u00dcgyn\u00f6ks\u00e9g\u00fcnk 2008-t\u00f3l foglalkozik televizi\u00f3s produkci\u00f3s munk\u00e1val a hazai \u00e9s k\u00fclf\u00f6ldi m\u00e9diumokban. H\u00edranyag, tud\u00f3s\u00edt\u00e1sok, riportok, \u00e9l\u0151 bejelentkez\u00e9sek, m\u0171sorok, sorozatok \u00e9s dokumentumfilmek gy\u00e1rt\u00e1s\u00e1val. Emellett a k\u00fclf\u00f6ldi m\u00e9diumoknak helyi produkci\u00f3s szolg\u00e1ltat\u00e1st, \u00e9s logisztikai t\u00e1mogat\u00e1st is ny\u00fajtunk. A magyar k\u00f6zszolg\u00e1lati televiz\u00f3kat, a DunaTV-t \u00e9s az MTVA-t hetente l\u00e1tjuk el riportokkal, esetenk\u00e9nt pedig dokumentumfilmekkel. Nemzetk\u00f6zi jelent\u0151s\u00e9ggel b\u00edr\u00f3 politikai, gazdas\u00e1gi \u00e9s kult\u00far\u00e1lis esem\u00e9nyekr\u0151l tud\u00f3s\u00edtunk. A Vajdas\u00e1gi televizi\u00f3 r\u00e9sz\u00e9re, 2009 \u00f3ta havi rendszeress\u00e1ggel gy\u00e1rtjuk a Siker c\u00edm\u0171 kis- \u00e9s k\u00f6z\u00e9pv\u00e1llalkoz\u00f3i magazinm\u0171sort. 2011-t\u0151l pedig az id\u0151sebb gener\u00e1ci\u00f3nak sz\u00e1nt Aranykor c\u00edm\u0171 m\u0171sort. Dokumentumfilmjeinket itthon \u00e9s k\u00fclf\u00f6ld\u00f6n is bemutatt\u00e1k. A N\u00e9vtelenek-Egy kaboli t\u00f6rt\u00e9net c\u00edm\u0171, a m\u00e1sodik vil\u00e1gh\u00e1bor\u00fa ut\u00e1n a Vajdas\u00e1gban \u00e9l\u0151 magyar lakoss\u00e1g ellen elk\u00f6vetett megtorl\u00e1sokat dolgozza fel. 2011-ben els\u0151 d\u00edjat nyert Zalaegerszegen a G\u00f6csej filmszeml\u00e9n. Az Elveszettek a t\u00f6rt\u00e9nelemben c\u00edm\u0171 dokumentumfilm\u00fcnk a dunamenti sv\u00e1bok meghurcol\u00e1s\u00e1t mutatja be a m\u00e1sodik vil\u00e1gh\u00e1bor\u00fa ut\u00e1n. A hazai m\u00e9diumok mellett t\u00f6bbsz\u00f6r bemutatt\u00e1k N\u00e9metorsz\u00e1gban is. A Hontalanok c\u00edm\u0171 film\u00fcnk, a d\u00e1lszl\u00e1v h\u00e1bor\u00fak katonai mozg\u00f3s\u00edt\u00e1sai el\u00f6l k\u00fclf\u00f6ldre menek\u00fclt h\u00e1rom fiatalember \u00e9let\u00e9r\u0151l sz\u00f3l. Az Ahol a mad\u00e1r sem rak f\u00e9szket pedig a vajdas\u00e1gi falvak eln\u00e9ptelened\u00e9s\u00e9t dolgozza fel.Na dva to\u010dka kroz Vojvodinu-Vajdas\u00e1g d\u0171l\u0151in magyar-szerb nyelv\u0171 filmsorozat k\u00e9t bar\u00e1tn\u0151 kalandos vajdas\u00e1gi ker\u00e9kp\u00e1rk\u00f6r\u00fatj\u00e1t mutatja be, amely sor\u00e1n az itt \u00e9l\u0151, nemzeti k\u00f6z\u00f6ss\u00e9gek egyedis\u00e9g\u00e9t, szok\u00e1sait, hit- \u00e9s \u00edzvil\u00e1g\u00e1t megismerik. A sorozatban Vajdas\u00e1g Eur\u00f3p\u00e1ban is egyed\u00fcl\u00e1ll\u00f3 soksz\u00edn\u0171s\u00e9ge t\u00e1rul a n\u00e9z\u0151k el\u00e9.[\/vc_column_text][\/vc_column][\/vc_row]<\/p>\n","protected":false},"excerpt":{"rendered":"<p>[vc_row][vc_column][vc_column_text]\u00dcgyn\u00f6ks\u00e9g\u00fcnk 2008-t\u00f3l foglalkozik televizi\u00f3s produkci\u00f3s munk\u00e1val a hazai \u00e9s k\u00fclf\u00f6ldi m\u00e9diumokban. H\u00edranyag, tud\u00f3s\u00edt\u00e1sok, riportok, \u00e9l\u0151 bejelentkez\u00e9sek, m\u0171sorok, sorozatok \u00e9s dokumentumfilmek gy\u00e1rt\u00e1s\u00e1val. Emellett a k\u00fclf\u00f6ldi m\u00e9diumoknak helyi produkci\u00f3s szolg\u00e1ltat\u00e1st, \u00e9s logisztikai t\u00e1mogat\u00e1st is ny\u00fajtunk. A magyar k\u00f6zszolg\u00e1lati televiz\u00f3kat, a DunaTV-t \u00e9s az MTVA-t hetente l\u00e1tjuk el riportokkal, esetenk\u00e9nt pedig dokumentumfilmekkel. Nemzetk\u00f6zi jelent\u0151s\u00e9ggel b\u00edr\u00f3 politikai, gazdas\u00e1gi \u00e9s<\/p>\n","protected":false},"author":1,"featured_media":0,"parent":0,"menu_order":0,"comment_status":"closed","ping_status":"closed","template":"template-full.php","meta":{"footnotes":""},"class_list":["post-35","page","type-page","status-publish","hentry"],"_links":{"self":[{"href":"https:\/\/medianews.rs\/index.php\/wp-json\/wp\/v2\/pages\/35","targetHints":{"allow":["GET"]}}],"collection":[{"href":"https:\/\/medianews.rs\/index.php\/wp-json\/wp\/v2\/pages"}],"about":[{"href":"https:\/\/medianews.rs\/index.php\/wp-json\/wp\/v2\/types\/page"}],"author":[{"embeddable":true,"href":"https:\/\/medianews.rs\/index.php\/wp-json\/wp\/v2\/users\/1"}],"replies":[{"embeddable":true,"href":"https:\/\/medianews.rs\/index.php\/wp-json\/wp\/v2\/comments?post=35"}],"version-history":[{"count":3,"href":"https:\/\/medianews.rs\/index.php\/wp-json\/wp\/v2\/pages\/35\/revisions"}],"predecessor-version":[{"id":80,"href":"https:\/\/medianews.rs\/index.php\/wp-json\/wp\/v2\/pages\/35\/revisions\/80"}],"wp:attachment":[{"href":"https:\/\/medianews.rs\/index.php\/wp-json\/wp\/v2\/media?parent=35"}],"curies":[{"name":"wp","href":"https:\/\/api.w.org\/{rel}","templated":true}]}}